{"id":2,"date":"2011-01-13T12:15:35","date_gmt":"2011-01-13T12:15:35","guid":{"rendered":"http:\/\/www.gyal-zarszerviz.hu\/?page_id=2"},"modified":"2011-01-13T12:20:23","modified_gmt":"2011-01-13T12:20:23","slug":"nevjegy","status":"publish","type":"page","link":"https:\/\/www.gyal-zarszerviz.hu\/?page_id=2","title":{"rendered":"Szolg\u00e1ltat\u00e1saink"},"content":{"rendered":"<div>\n<div>\n<h2>LAKOSS\u00c1GI \u00c9S \u00dcZLETI SZOLG\u00c1LTAT\u00c1SAINK<\/h2>\n<ul>\n<li>Egyforma z\u00e1rbet\u00e9tek k\u00e9sz\u00edt\u00e9se<\/li>\n<li>Z\u00e1rcsere 24 \u00f3r\u00e1s rendelkez\u00e9sre \u00e1ll\u00e1ssal<\/li>\n<li>Hevederz\u00e1rak gy\u00e1rt\u00e1sa\/be\u00e9p\u00edt\u00e9se<\/li>\n<li>Z\u00e1rbet\u00e9tek \u00e1tk\u00f3dol\u00e1sa<\/li>\n<li>Kulcsk\u00e9sz\u00edt\u00e9s minden fontosabb z\u00e1rm\u00e1rk\u00e1hoz<\/li>\n<li>Bet\u00f6r\u00e9s, rong\u00e1l\u00e1s ut\u00e1ni ajt\u00f3helyre\u00e1ll\u00edt\u00e1s<\/li>\n<li>Elveszett kulcs eset\u00e9n ajt\u00f3felnyit\u00e1si szolg\u00e1ltat\u00e1s<\/li>\n<li>Vez\u00e9rkulcsos, f\u0151kulcsos sziszt\u00e9m\u00e1j\u00fa rendszerek tervez\u00e9s \u00e9s k\u00e9sz\u00edt\u00e9se<\/li>\n<\/ul>\n<h2>Elektronikai szolg\u00e1ltat\u00e1s<\/h2>\n<ul>\n<li>Riaszt\u00f3rendszerek telepit\u00e9se \u00e9s karbantart\u00e1sa<\/li>\n<li>Elektronikus \u00e9s Mechanikus bel\u00e9ptet\u0151 rendszerek<\/li>\n<li>szervizel\u00e9se \u00e9s karbantart\u00e1sa<\/li>\n<li>Kaputelefonok szervizel\u00e9se \u00e9s telepit\u00e9se<\/li>\n<\/ul>\n<h2>G\u00e9pkocsi z\u00e1rszerviz, z\u00e1rcsere<\/h2>\n<ul>\n<li>G\u00e9pkocsi z\u00e1rszerviz<\/li>\n<li>Kulcsk\u00e9szit\u00e9s \u00e9s kulcsm\u00e1sol\u00e1s<\/li>\n<li>Vasszerkezeti munk\u00e1k k\u00e9szit\u00e9se\/szerel\u00e9se<\/li>\n<li>G\u00e9pkocsi nyit\u00e1sa roncsol\u00e1smentesen<\/li>\n<li>Chip-el ell\u00e1tott kulcsok m\u00e1sol\u00e1sa\/k\u00e9sz\u00edt\u00e9se<\/li>\n<\/ul>\n<h2>Biztons\u00e1gi r\u00e1csok\/ajt\u00f3k<\/h2>\n<ul>\n<li>M\u00e9retre szabott biztons\u00e1gi ajt\u00f3k gy\u00e1rt\u00e1sa\/szerel\u00e9se<\/li>\n<li>R\u00e1csozott vasaajt\u00f3k ,ablakr\u00e1csok, bej\u00e1rati kapuk, folyos\u00f3 r\u00e1csok gy\u00e1rt\u00e1sa          k\u00e9szit\u00e9se<\/li>\n<\/ul>\n<\/div>\n<\/div>\n","protected":false},"excerpt":{"rendered":"<p>LAKOSS\u00c1GI \u00c9S \u00dcZLETI SZOLG\u00c1LTAT\u00c1SAINK Egyforma z\u00e1rbet\u00e9tek k\u00e9sz\u00edt\u00e9se Z\u00e1rcsere 24 \u00f3r\u00e1s rendelkez\u00e9sre \u00e1ll\u00e1ssal Hevederz\u00e1rak gy\u00e1rt\u00e1sa\/be\u00e9p\u00edt\u00e9se Z\u00e1rbet\u00e9tek \u00e1tk\u00f3dol\u00e1sa Kulcsk\u00e9sz\u00edt\u00e9s minden fontosabb z\u00e1rm\u00e1rk\u00e1hoz Bet\u00f6r\u00e9s, rong\u00e1l\u00e1s ut\u00e1ni ajt\u00f3helyre\u00e1ll\u00edt\u00e1s Elveszett kulcs eset\u00e9n ajt\u00f3felnyit\u00e1si szolg\u00e1ltat\u00e1s Vez\u00e9rkulcsos, f\u0151kulcsos sziszt\u00e9m\u00e1j\u00fa rendszerek tervez\u00e9s \u00e9s k\u00e9sz\u00edt\u00e9se Elektronikai szolg\u00e1ltat\u00e1s Riaszt\u00f3rendszerek telepit\u00e9se \u00e9s karbantart\u00e1sa Elektronikus \u00e9s Mechanikus bel\u00e9ptet\u0151 rendszerek szervizel\u00e9se \u00e9s karbantart\u00e1sa Kaputelefonok szervizel\u00e9se \u00e9s telepit\u00e9se G\u00e9pkocsi [&hellip;]<\/p>\n","protected":false},"author":1,"featured_media":0,"parent":0,"menu_order":0,"comment_status":"closed","ping_status":"closed","template":"","meta":[],"_links":{"self":[{"href":"https:\/\/www.gyal-zarszerviz.hu\/index.php?rest_route=\/wp\/v2\/pages\/2"}],"collection":[{"href":"https:\/\/www.gyal-zarszerviz.hu\/index.php?rest_route=\/wp\/v2\/pages"}],"about":[{"href":"https:\/\/www.gyal-zarszerviz.hu\/index.php?rest_route=\/wp\/v2\/types\/page"}],"author":[{"embeddable":true,"href":"https:\/\/www.gyal-zarszerviz.hu\/index.php?rest_route=\/wp\/v2\/users\/1"}],"replies":[{"embeddable":true,"href":"https:\/\/www.gyal-zarszerviz.hu\/index.php?rest_route=%2Fwp%2Fv2%2Fcomments&post=2"}],"version-history":[{"count":1,"href":"https:\/\/www.gyal-zarszerviz.hu\/index.php?rest_route=\/wp\/v2\/pages\/2\/revisions"}],"predecessor-version":[{"id":8,"href":"https:\/\/www.gyal-zarszerviz.hu\/index.php?rest_route=\/wp\/v2\/pages\/2\/revisions\/8"}],"wp:attachment":[{"href":"https:\/\/www.gyal-zarszerviz.hu\/index.php?rest_route=%2Fwp%2Fv2%2Fmedia&parent=2"}],"curies":[{"name":"wp","href":"https:\/\/api.w.org\/{rel}","templated":true}]}}